{"id":14,"date":"2025-08-14T14:32:21","date_gmt":"2025-08-14T14:32:21","guid":{"rendered":"https:\/\/seix.com.br\/dev\/josi\/?page_id=14"},"modified":"2025-08-18T15:53:47","modified_gmt":"2025-08-18T15:53:47","slug":"sobre","status":"publish","type":"page","link":"https:\/\/seix.com.br\/dev\/josi\/sobre\/","title":{"rendered":"Sobre"},"content":{"rendered":"<h2>Do achismo \u00e0 estrat\u00e9gia<\/h2>\n<h2>H\u00e1 mais de duas d\u00e9cadas transformando ru\u00eddo em resultado.<\/h2>\n<p>Minha jornada cruza tr\u00eas universos \u2014 comunica\u00e7\u00e3o corporativa, marketing pol\u00edtico e consultoria estrat\u00e9gica \u2014 sempre com um princ\u00edpio inegoci\u00e1vel: decis\u00e3o s\u00f3 vale se for sustentada por dados.<\/p>\n<h2>CHEGA DE PALPITES<\/h2>\n<p>Trabalho com empresas que entenderam que comunica\u00e7\u00e3o sem dire\u00e7\u00e3o \u00e9 dinheiro jogado fora. Que perceberam que campanha sem dados \u00e9 tiro no escuro. Que sabem que resultado sem medi\u00e7\u00e3o \u00e9 ilus\u00e3o.<\/p>\n<h2>TRANSFORMA\u00c7\u00c3O REAL<\/h2>\n<p>N\u00e3o vendo promessas vazias. Vendo diagn\u00f3sticos precisos, estrat\u00e9gias baseadas em evid\u00eancias e resultados mensur\u00e1veis.<\/p>\n<h2>TRAJET\u00d3RIA<\/h2>\n<h2>Ag\u00eancias de Comunica\u00e7\u00e3o<\/h2>\n<p>Comecei em ag\u00eancias, onde aprendi que criatividade sem estrat\u00e9gia \u00e9 apenas arte. Foi nesse ambiente que desenvolvi meu olhar para unir insight criativo, planejamento e m\u00e9tricas de performance.<\/p>\n<h2>Setor Privado<\/h2>\n<p>Migrei para o mercado corporativo e atuei em empresas l\u00edderes \u2014 de gigantes do varejo como <b>Carrefour<\/b> a ind\u00fastrias de alimentos como <b>Aurora Alimentos<\/b>. Nessas organiza\u00e7\u00f5es, gerenciei projetos de branding, trade marketing e expans\u00e3o de mercado, sempre com foco em resultados tang\u00edveis: aumento de share, fortalecimento de marca e crescimento de receita.<\/p>\n<p>\t\t\t\t\t\t\t\t\t\t\t\t\t<img loading=\"lazy\" decoding=\"async\" width=\"1707\" height=\"2560\" src=\"https:\/\/seix.com.br\/dev\/josi\/wp-content\/uploads\/2025\/08\/foto-site-josi-amoriele-scaled.webp\" alt=\"\" srcset=\"https:\/\/seix.com.br\/dev\/josi\/wp-content\/uploads\/2025\/08\/foto-site-josi-amoriele-scaled.webp 1707w, https:\/\/seix.com.br\/dev\/josi\/wp-content\/uploads\/2025\/08\/foto-site-josi-amoriele-200x300.webp 200w, https:\/\/seix.com.br\/dev\/josi\/wp-content\/uploads\/2025\/08\/foto-site-josi-amoriele-683x1024.webp 683w, https:\/\/seix.com.br\/dev\/josi\/wp-content\/uploads\/2025\/08\/foto-site-josi-amoriele-768x1152.webp 768w, https:\/\/seix.com.br\/dev\/josi\/wp-content\/uploads\/2025\/08\/foto-site-josi-amoriele-1024x1536.webp 1024w, https:\/\/seix.com.br\/dev\/josi\/wp-content\/uploads\/2025\/08\/foto-site-josi-amoriele-1365x2048.webp 1365w\" sizes=\"auto, (max-width: 1707px) 100vw, 1707px\" \/>\t\t\t\t\t\t\t\t\t\t\t\t\t\t\t\t<\/p>\n<h2>Marketing Pol\u00edtico<\/h2>\n<p>Na comunica\u00e7\u00e3o p\u00fablica e eleitoral descobri o poder dos dados aplicados \u00e0 persuas\u00e3o. Planejei e coordenei campanhas por meio de m\u00e9todos de intelig\u00eancia de dados para mapear cen\u00e1rios eleitorais, desenhar territ\u00f3rios estrat\u00e9gicos e criar narrativas que consolidam a marca do candidato em m\u00faltiplas frentes. Conduzo diagn\u00f3sticos precisos, defino posicionamento e identidade pol\u00edtica, integro comunica\u00e7\u00e3o on- e offline, mobilizo bases presenciais, gerencio crises e realizo ajustes em tempo real com m\u00e9tricas claras. Essa abordagem combina vis\u00e3o t\u00e9cnica, estrat\u00e9gica e pol\u00edtica, transformando candidaturas em marcas fortes, coerentes e memor\u00e1veis.<\/p>\n<h2>Consultoria Estrat\u00e9gica<\/h2>\n<p>Hoje, oriento marcas e organiza\u00e7\u00f5es a sair do achismo, traduzindo objetivos de neg\u00f3cio em estrat\u00e9gias de marketing 360\u00b0 que ampliam visibilidade, autoridade e faturamento \u2014 tudo respaldado por m\u00e9tricas claras e indicadores de sucesso.<\/p>\n","protected":false},"excerpt":{"rendered":"<p>Do achismo \u00e0 estrat\u00e9gia H\u00e1 mais de duas d\u00e9cadas transformando ru\u00eddo em resultado. Minha jornada cruza tr\u00eas universos \u2014 comunica\u00e7\u00e3o corporativa, marketing pol\u00edtico e consultoria estrat\u00e9gica \u2014 sempre com um princ\u00edpio inegoci\u00e1vel: decis\u00e3o s\u00f3 vale se for sustentada por dados. CHEGA DE PALPITES Trabalho com empresas que entenderam que comunica\u00e7\u00e3o sem dire\u00e7\u00e3o \u00e9 dinheiro jogado [&hellip;]<\/p>\n","protected":false},"author":1,"featured_media":9,"parent":0,"menu_order":0,"comment_status":"closed","ping_status":"closed","template":"elementor_header_footer","meta":{"footnotes":""},"class_list":["post-14","page","type-page","status-publish","has-post-thumbnail","hentry"],"_links":{"self":[{"href":"https:\/\/seix.com.br\/dev\/josi\/wp-json\/wp\/v2\/pages\/14","targetHints":{"allow":["GET"]}}],"collection":[{"href":"https:\/\/seix.com.br\/dev\/josi\/wp-json\/wp\/v2\/pages"}],"about":[{"href":"https:\/\/seix.com.br\/dev\/josi\/wp-json\/wp\/v2\/types\/page"}],"author":[{"embeddable":true,"href":"https:\/\/seix.com.br\/dev\/josi\/wp-json\/wp\/v2\/users\/1"}],"replies":[{"embeddable":true,"href":"https:\/\/seix.com.br\/dev\/josi\/wp-json\/wp\/v2\/comments?post=14"}],"version-history":[{"count":13,"href":"https:\/\/seix.com.br\/dev\/josi\/wp-json\/wp\/v2\/pages\/14\/revisions"}],"predecessor-version":[{"id":133,"href":"https:\/\/seix.com.br\/dev\/josi\/wp-json\/wp\/v2\/pages\/14\/revisions\/133"}],"wp:featuredmedia":[{"embeddable":true,"href":"https:\/\/seix.com.br\/dev\/josi\/wp-json\/wp\/v2\/media\/9"}],"wp:attachment":[{"href":"https:\/\/seix.com.br\/dev\/josi\/wp-json\/wp\/v2\/media?parent=14"}],"curies":[{"name":"wp","href":"https:\/\/api.w.org\/{rel}","templated":true}]}}