{"id":15,"date":"2025-08-14T14:32:21","date_gmt":"2025-08-14T14:32:21","guid":{"rendered":"https:\/\/seix.com.br\/dev\/josi\/?page_id=15"},"modified":"2025-08-18T20:21:27","modified_gmt":"2025-08-18T20:21:27","slug":"diagnostico","status":"publish","type":"page","link":"https:\/\/seix.com.br\/dev\/josi\/diagnostico\/","title":{"rendered":"Diagn\u00f3stico"},"content":{"rendered":"<h2>Diagn\u00f3stico estrat\u00e9gico<\/h2>\n<p>Responda \u00e0s perguntas abaixo e receba um diagn\u00f3stico personalizado com roadmap estrat\u00e9gico para sua comunica\u00e7\u00e3o.<\/p>\n","protected":false},"excerpt":{"rendered":"<p>Diagn\u00f3stico estrat\u00e9gico Responda \u00e0s perguntas abaixo e receba um diagn\u00f3stico personalizado com roadmap estrat\u00e9gico para sua comunica\u00e7\u00e3o.<\/p>\n","protected":false},"author":1,"featured_media":9,"parent":0,"menu_order":0,"comment_status":"closed","ping_status":"closed","template":"elementor_header_footer","meta":{"footnotes":""},"class_list":["post-15","page","type-page","status-publish","has-post-thumbnail","hentry"],"_links":{"self":[{"href":"https:\/\/seix.com.br\/dev\/josi\/wp-json\/wp\/v2\/pages\/15","targetHints":{"allow":["GET"]}}],"collection":[{"href":"https:\/\/seix.com.br\/dev\/josi\/wp-json\/wp\/v2\/pages"}],"about":[{"href":"https:\/\/seix.com.br\/dev\/josi\/wp-json\/wp\/v2\/types\/page"}],"author":[{"embeddable":true,"href":"https:\/\/seix.com.br\/dev\/josi\/wp-json\/wp\/v2\/users\/1"}],"replies":[{"embeddable":true,"href":"https:\/\/seix.com.br\/dev\/josi\/wp-json\/wp\/v2\/comments?post=15"}],"version-history":[{"count":19,"href":"https:\/\/seix.com.br\/dev\/josi\/wp-json\/wp\/v2\/pages\/15\/revisions"}],"predecessor-version":[{"id":191,"href":"https:\/\/seix.com.br\/dev\/josi\/wp-json\/wp\/v2\/pages\/15\/revisions\/191"}],"wp:featuredmedia":[{"embeddable":true,"href":"https:\/\/seix.com.br\/dev\/josi\/wp-json\/wp\/v2\/media\/9"}],"wp:attachment":[{"href":"https:\/\/seix.com.br\/dev\/josi\/wp-json\/wp\/v2\/media?parent=15"}],"curies":[{"name":"wp","href":"https:\/\/api.w.org\/{rel}","templated":true}]}}