{"id":16,"date":"2025-08-14T14:32:21","date_gmt":"2025-08-14T14:32:21","guid":{"rendered":"https:\/\/seix.com.br\/dev\/josi\/?page_id=16"},"modified":"2025-08-18T20:29:00","modified_gmt":"2025-08-18T20:29:00","slug":"insights","status":"publish","type":"page","link":"https:\/\/seix.com.br\/dev\/josi\/insights\/","title":{"rendered":"Insights"},"content":{"rendered":"<h2>Insights estrat\u00e9gicos<\/h2>\n<p>Reflex\u00f5es provocativas sobre comunica\u00e7\u00e3o, dados e estrat\u00e9gia. Para quem quer sair do achismo.<\/p>\n<h2>Quer receber meus insights?<\/h2>\n<p>An\u00e1lises estrat\u00e9gicas direto no seu e-mail. Sem spam, apenas conte\u00fado relevante.<\/p>\n","protected":false},"excerpt":{"rendered":"<p>Insights estrat\u00e9gicos Reflex\u00f5es provocativas sobre comunica\u00e7\u00e3o, dados e estrat\u00e9gia. Para quem quer sair do achismo. Quer receber meus insights? An\u00e1lises estrat\u00e9gicas direto no seu e-mail. Sem spam, apenas conte\u00fado relevante.<\/p>\n","protected":false},"author":1,"featured_media":9,"parent":0,"menu_order":0,"comment_status":"closed","ping_status":"closed","template":"elementor_header_footer","meta":{"footnotes":""},"class_list":["post-16","page","type-page","status-publish","has-post-thumbnail","hentry"],"_links":{"self":[{"href":"https:\/\/seix.com.br\/dev\/josi\/wp-json\/wp\/v2\/pages\/16","targetHints":{"allow":["GET"]}}],"collection":[{"href":"https:\/\/seix.com.br\/dev\/josi\/wp-json\/wp\/v2\/pages"}],"about":[{"href":"https:\/\/seix.com.br\/dev\/josi\/wp-json\/wp\/v2\/types\/page"}],"author":[{"embeddable":true,"href":"https:\/\/seix.com.br\/dev\/josi\/wp-json\/wp\/v2\/users\/1"}],"replies":[{"embeddable":true,"href":"https:\/\/seix.com.br\/dev\/josi\/wp-json\/wp\/v2\/comments?post=16"}],"version-history":[{"count":28,"href":"https:\/\/seix.com.br\/dev\/josi\/wp-json\/wp\/v2\/pages\/16\/revisions"}],"predecessor-version":[{"id":195,"href":"https:\/\/seix.com.br\/dev\/josi\/wp-json\/wp\/v2\/pages\/16\/revisions\/195"}],"wp:featuredmedia":[{"embeddable":true,"href":"https:\/\/seix.com.br\/dev\/josi\/wp-json\/wp\/v2\/media\/9"}],"wp:attachment":[{"href":"https:\/\/seix.com.br\/dev\/josi\/wp-json\/wp\/v2\/media?parent=16"}],"curies":[{"name":"wp","href":"https:\/\/api.w.org\/{rel}","templated":true}]}}