{"id":17,"date":"2025-08-14T14:32:21","date_gmt":"2025-08-14T14:32:21","guid":{"rendered":"https:\/\/seix.com.br\/dev\/josi\/?page_id=17"},"modified":"2025-08-18T19:31:40","modified_gmt":"2025-08-18T19:31:40","slug":"contato","status":"publish","type":"page","link":"https:\/\/seix.com.br\/dev\/josi\/contato\/","title":{"rendered":"Contato"},"content":{"rendered":"<h2>Vamos planejar seu caminho?<\/h2>\n<p>Se sua empresa est\u00e1 perdida no achismo, vamos construir uma estrat\u00e9gia de comunica\u00e7\u00e3o baseada em dados.<\/p>\n<p>\t\t\t\t<a href=\"mailto:contato@josiamoriele.com.br\" tabindex=\"-1\" aria-label=\"E-mail\"><br \/>\n\t\t\t\t<svg aria-hidden=\"true\" viewBox=\"0 0 576 512\" xmlns=\"http:\/\/www.w3.org\/2000\/svg\"><path d=\"M160 448c-25.6 0-51.2-22.4-64-32-64-44.8-83.2-60.8-96-70.4V480c0 17.67 14.33 32 32 32h256c17.67 0 32-14.33 32-32V345.6c-12.8 9.6-32 25.6-96 70.4-12.8 9.6-38.4 32-64 32zm128-192H32c-17.67 0-32 14.33-32 32v16c25.6 19.2 22.4 19.2 115.2 86.4 9.6 6.4 28.8 25.6 44.8 25.6s35.2-19.2 44.8-22.4c92.8-67.2 89.6-67.2 115.2-86.4V288c0-17.67-14.33-32-32-32zm256-96H224c-17.67 0-32 14.33-32 32v32h96c33.21 0 60.59 25.42 63.71 57.82l.29-.22V416h192c17.67 0 32-14.33 32-32V192c0-17.67-14.33-32-32-32zm-32 128h-64v-64h64v64zm-352-96c0-35.29 28.71-64 64-64h224V32c0-17.67-14.33-32-32-32H96C78.33 0 64 14.33 64 32v192h96v-32z\"><\/path><\/svg>\t\t\t\t<\/a><\/p>\n<h4>\n\t\t\t\t\t\t<a href=\"mailto:contato@josiamoriele.com.br\" ><br \/>\n\t\t\t\t\t\t\tE-mail\t\t\t\t\t\t<\/a><br \/>\n\t\t\t\t\t<\/h4>\n<p>\n\t\t\t\t\t\tcontato@josiamoriele.com.br\t\t\t\t\t<\/p>\n<p>\t\t\t\t<a href=\"https:\/\/linkedin.com\/in\/josiamoriele\" tabindex=\"-1\" aria-label=\"LinkedIn\"><br \/>\n\t\t\t\t<svg aria-hidden=\"true\" viewBox=\"0 0 448 512\" xmlns=\"http:\/\/www.w3.org\/2000\/svg\"><path d=\"M100.28 448H7.4V148.9h92.88zM53.79 108.1C24.09 108.1 0 83.5 0 53.8a53.79 53.79 0 0 1 107.58 0c0 29.7-24.1 54.3-53.79 54.3zM447.9 448h-92.68V302.4c0-34.7-.7-79.2-48.29-79.2-48.29 0-55.69 37.7-55.69 76.7V448h-92.78V148.9h89.08v40.8h1.3c12.4-23.5 42.69-48.3 87.88-48.3 94 0 111.28 61.9 111.28 142.3V448z\"><\/path><\/svg>\t\t\t\t<\/a><\/p>\n<h4>\n\t\t\t\t\t\t<a href=\"https:\/\/linkedin.com\/in\/josiamoriele\" ><br \/>\n\t\t\t\t\t\t\tLinkedIn\t\t\t\t\t\t<\/a><br \/>\n\t\t\t\t\t<\/h4>\n<p>\n\t\t\t\t\t\tin\/josiamoriele\t\t\t\t\t<\/p>\n<p>\t\t\t\t<svg aria-hidden=\"true\" viewBox=\"0 0 512 512\" xmlns=\"http:\/\/www.w3.org\/2000\/svg\"><path d=\"M256 8C119 8 8 119 8 256s111 248 248 248 248-111 248-248S393 8 256 8zm0 448c-110.5 0-200-89.5-200-200S145.5 56 256 56s200 89.5 200 200-89.5 200-200 200zm61.8-104.4l-84.9-61.7c-3.1-2.3-4.9-5.9-4.9-9.7V116c0-6.6 5.4-12 12-12h32c6.6 0 12 5.4 12 12v141.7l66.8 48.6c5.4 3.9 6.5 11.4 2.6 16.8L334.6 349c-3.9 5.3-11.4 6.5-16.8 2.6z\"><\/path><\/svg>\t\t\t\t<\/p>\n<h4>\n\t\t\t\t\t\t\tTempo de resposta<br \/>\n\t\t\t\t\t<\/h4>\n<p>\n\t\t\t\t\t\tAt\u00e9 24h em dias \u00fateis\t\t\t\t\t<\/p>\n<h3>Como funciona<\/h3>\n<ul>\n<li>\n\t\t\t\t\t\t\t<svg aria-hidden=\"true\" viewBox=\"0 0 448 512\" xmlns=\"http:\/\/www.w3.org\/2000\/svg\"><path d=\"M413.1 222.5l22.2 22.2c9.4 9.4 9.4 24.6 0 33.9L241 473c-9.4 9.4-24.6 9.4-33.9 0L12.7 278.6c-9.4-9.4-9.4-24.6 0-33.9l22.2-22.2c9.5-9.5 25-9.3 34.3.4L184 343.4V56c0-13.3 10.7-24 24-24h32c13.3 0 24 10.7 24 24v287.4l114.8-120.5c9.3-9.8 24.8-10 34.3-.4z\"><\/path><\/svg><br \/>\n\t\t\t\t\t\t\t\t\t\tVoc\u00ea preenche o formul\u00e1rio com seus principais desafios\n\t\t\t\t\t\t\t\t\t<\/li>\n<li>\n\t\t\t\t\t\t\t<svg aria-hidden=\"true\" viewBox=\"0 0 448 512\" xmlns=\"http:\/\/www.w3.org\/2000\/svg\"><path d=\"M413.1 222.5l22.2 22.2c9.4 9.4 9.4 24.6 0 33.9L241 473c-9.4 9.4-24.6 9.4-33.9 0L12.7 278.6c-9.4-9.4-9.4-24.6 0-33.9l22.2-22.2c9.5-9.5 25-9.3 34.3.4L184 343.4V56c0-13.3 10.7-24 24-24h32c13.3 0 24 10.7 24 24v287.4l114.8-120.5c9.3-9.8 24.8-10 34.3-.4z\"><\/path><\/svg><br \/>\n\t\t\t\t\t\t\t\t\t\tAgendamos uma conversa estrat\u00e9gica de 45 minutos\n\t\t\t\t\t\t\t\t\t<\/li>\n<li>\n\t\t\t\t\t\t\t<svg aria-hidden=\"true\" viewBox=\"0 0 448 512\" xmlns=\"http:\/\/www.w3.org\/2000\/svg\"><path d=\"M190.5 66.9l22.2-22.2c9.4-9.4 24.6-9.4 33.9 0L441 239c9.4 9.4 9.4 24.6 0 33.9L246.6 467.3c-9.4 9.4-24.6 9.4-33.9 0l-22.2-22.2c-9.5-9.5-9.3-25 .4-34.3L311.4 296H24c-13.3 0-24-10.7-24-24v-32c0-13.3 10.7-24 24-24h287.4L190.9 101.2c-9.8-9.3-10-24.8-.4-34.3z\"><\/path><\/svg><br \/>\n\t\t\t\t\t\t\t\t\t\tDefinimos juntos o melhor caminho para sua comunica\u00e7\u00e3o\n\t\t\t\t\t\t\t\t\t<\/li>\n<\/ul>\n","protected":false},"excerpt":{"rendered":"<p>Vamos planejar seu caminho? Se sua empresa est\u00e1 perdida no achismo, vamos construir uma estrat\u00e9gia de comunica\u00e7\u00e3o baseada em dados. E-mail contato@josiamoriele.com.br LinkedIn in\/josiamoriele Tempo de resposta At\u00e9 24h em dias \u00fateis Como funciona Voc\u00ea preenche o formul\u00e1rio com seus principais desafios Agendamos uma conversa estrat\u00e9gica de 45 minutos Definimos juntos o melhor caminho para [&hellip;]<\/p>\n","protected":false},"author":1,"featured_media":9,"parent":0,"menu_order":0,"comment_status":"closed","ping_status":"closed","template":"elementor_header_footer","meta":{"footnotes":""},"class_list":["post-17","page","type-page","status-publish","has-post-thumbnail","hentry"],"_links":{"self":[{"href":"https:\/\/seix.com.br\/dev\/josi\/wp-json\/wp\/v2\/pages\/17","targetHints":{"allow":["GET"]}}],"collection":[{"href":"https:\/\/seix.com.br\/dev\/josi\/wp-json\/wp\/v2\/pages"}],"about":[{"href":"https:\/\/seix.com.br\/dev\/josi\/wp-json\/wp\/v2\/types\/page"}],"author":[{"embeddable":true,"href":"https:\/\/seix.com.br\/dev\/josi\/wp-json\/wp\/v2\/users\/1"}],"replies":[{"embeddable":true,"href":"https:\/\/seix.com.br\/dev\/josi\/wp-json\/wp\/v2\/comments?post=17"}],"version-history":[{"count":16,"href":"https:\/\/seix.com.br\/dev\/josi\/wp-json\/wp\/v2\/pages\/17\/revisions"}],"predecessor-version":[{"id":177,"href":"https:\/\/seix.com.br\/dev\/josi\/wp-json\/wp\/v2\/pages\/17\/revisions\/177"}],"wp:featuredmedia":[{"embeddable":true,"href":"https:\/\/seix.com.br\/dev\/josi\/wp-json\/wp\/v2\/media\/9"}],"wp:attachment":[{"href":"https:\/\/seix.com.br\/dev\/josi\/wp-json\/wp\/v2\/media?parent=17"}],"curies":[{"name":"wp","href":"https:\/\/api.w.org\/{rel}","templated":true}]}}