{"id":68,"date":"2025-08-18T13:25:58","date_gmt":"2025-08-18T13:25:58","guid":{"rendered":"https:\/\/seix.com.br\/dev\/josi\/?page_id=68"},"modified":"2025-08-18T20:20:05","modified_gmt":"2025-08-18T20:20:05","slug":"inicio","status":"publish","type":"page","link":"https:\/\/seix.com.br\/dev\/josi\/","title":{"rendered":"In\u00edcio"},"content":{"rendered":"<h2>Quando foi a \u00faltima vez que sua empresa soube para onde ir?<\/h2>\n<p>Transformo o achismo em estrat\u00e9gia baseada em dados.<br \/>Sua comunica\u00e7\u00e3o precisa de dire\u00e7\u00e3o, n\u00e3o de palpites.<\/p>\n<p>\t\t\t\t\t\t\t\t<a href=\"#diagnostico\"><br \/>\n\t\t\t\t<svg aria-hidden=\"true\" viewBox=\"0 0 448 512\" xmlns=\"http:\/\/www.w3.org\/2000\/svg\"><path d=\"M313.941 216H12c-6.627 0-12 5.373-12 12v56c0 6.627 5.373 12 12 12h301.941v46.059c0 21.382 25.851 32.09 40.971 16.971l86.059-86.059c9.373-9.373 9.373-24.569 0-33.941l-86.059-86.059c-15.119-15.119-40.971-4.411-40.971 16.971V216z\"><\/path><\/svg><br \/>\n\t\t\t\t\t\t\t\t\tSaiba por onde<br \/>\n\t\t\t\t\t<\/a><\/p>\n","protected":false},"excerpt":{"rendered":"<p>Quando foi a \u00faltima vez que sua empresa soube para onde ir? Transformo o achismo em estrat\u00e9gia baseada em dados.Sua comunica\u00e7\u00e3o precisa de dire\u00e7\u00e3o, n\u00e3o de palpites. Saiba por onde<\/p>\n","protected":false},"author":1,"featured_media":9,"parent":0,"menu_order":0,"comment_status":"closed","ping_status":"closed","template":"elementor_header_footer","meta":{"footnotes":""},"class_list":["post-68","page","type-page","status-publish","has-post-thumbnail","hentry"],"_links":{"self":[{"href":"https:\/\/seix.com.br\/dev\/josi\/wp-json\/wp\/v2\/pages\/68","targetHints":{"allow":["GET"]}}],"collection":[{"href":"https:\/\/seix.com.br\/dev\/josi\/wp-json\/wp\/v2\/pages"}],"about":[{"href":"https:\/\/seix.com.br\/dev\/josi\/wp-json\/wp\/v2\/types\/page"}],"author":[{"embeddable":true,"href":"https:\/\/seix.com.br\/dev\/josi\/wp-json\/wp\/v2\/users\/1"}],"replies":[{"embeddable":true,"href":"https:\/\/seix.com.br\/dev\/josi\/wp-json\/wp\/v2\/comments?post=68"}],"version-history":[{"count":19,"href":"https:\/\/seix.com.br\/dev\/josi\/wp-json\/wp\/v2\/pages\/68\/revisions"}],"predecessor-version":[{"id":188,"href":"https:\/\/seix.com.br\/dev\/josi\/wp-json\/wp\/v2\/pages\/68\/revisions\/188"}],"wp:featuredmedia":[{"embeddable":true,"href":"https:\/\/seix.com.br\/dev\/josi\/wp-json\/wp\/v2\/media\/9"}],"wp:attachment":[{"href":"https:\/\/seix.com.br\/dev\/josi\/wp-json\/wp\/v2\/media?parent=68"}],"curies":[{"name":"wp","href":"https:\/\/api.w.org\/{rel}","templated":true}]}}